{"id":20656,"date":"2018-08-28T12:34:15","date_gmt":"2018-08-28T09:34:15","guid":{"rendered":"https:\/\/volantra.ee\/kupsised\/"},"modified":"2020-11-13T09:04:58","modified_gmt":"2020-11-13T07:04:58","slug":"cookies","status":"publish","type":"page","link":"https:\/\/volantra.ee\/en\/cookies\/","title":{"rendered":"Cookies"},"content":{"rendered":"<div class=\"fusion-fullwidth fullwidth-box fusion-builder-row-1 gradient-container-1 nonhundred-percent-fullwidth non-hundred-percent-height-scrolling\" style=\"--awb-border-radius-top-left:0px;--awb-border-radius-top-right:0px;--awb-border-radius-bottom-right:0px;--awb-border-radius-bottom-left:0px;--awb-flex-wrap:wrap;\" ><div class=\"fusion-builder-row fusion-row\"><div class=\"fusion-layout-column fusion_builder_column fusion-builder-column-0 fusion_builder_column_1_1 1_1 fusion-one-full fusion-column-first fusion-column-last\" style=\"--awb-bg-size:cover;\"><div class=\"fusion-column-wrapper fusion-flex-column-wrapper-legacy\"><div class=\"fusion-text fusion-text-1\"><h1 data-fontsize=\"26\" data-lineheight=\"39px\">K\u00fcpsised<\/h1>\n<h2 class=\"fusion-responsive-typography-calculated\" data-fontsize=\"26\" data-lineheight=\"39px\">Mis on k\u00fcpsised?<\/h2>\n<p>Meie veebileht kasutab k\u00fcpsiseid (inglise keeles \u201ccookie\u201d). K\u00fcpsis on v\u00e4ike tekstikujuline andmeplokk Teie veebilehitsejas, mille veebileht saadab Teie arvutis olevasse k\u00fcpsiste faili. K\u00fcpsised v\u00f5imaldavad meie veebilehel pakkuda Teile paremat kasutajakogemust ning kujundada ja arendada oma veebilehte nii, et meie teenus oleks v\u00f5imalikult kvaliteetne.<\/p>\n<p>Kui j\u00e4tkate meie veebilehe kasutamist, siis n\u00f5ustute \u00fchtlasti k\u00fcpsiste kasutamisega.<\/p>\n<p>Kui Te ei soovi, et k\u00fcpsiseid salvestatakse Teie arvutisse, siis v\u00f5ite need blokeerida oma veebilehitseja s\u00e4tetes. Nii ei salvestata ei meie ega \u00fchegi teise veebilehe k\u00fcpsiseid, kuid selle tulemusena ei pruugi k\u00f5ik veebilehe funktsioonid korralikult toimida.<\/p>\n<h2 class=\"fusion-responsive-typography-calculated\" data-fontsize=\"26\" data-lineheight=\"39px\">Meie veebilehel kasutatavad k\u00fcpsised<\/h2>\n<p><strong>V\u00e4ga vajalikud k\u00fcpsised<\/strong><br \/>\nNeil k\u00fcpsistel on oluline roll meie saidi t\u00f6\u00f6s. N\u00e4iteks kuuluvad siia k\u00fcpsised, mille abil saate liikuda \u00f5igetele lehtedele, kui teeme veebisaidi t\u00f6\u00f6s uuendusi.<\/p>\n<p><strong>Talitlusk\u00fcpsised<\/strong><br \/>\nNeed k\u00fcpsised koguvad teavet, kuidas k\u00fclastajad kodulehte kasutavad. Nii saame teada, kui on ilmnenud m\u00f5ni viga. Me ei kogu otsest kasutajat tuvastavat teavet, vaid anon\u00fc\u00fcmseid andmeid. Kasutame seda teavet ainult veebisaidi t\u00f6\u00f6 t\u00e4iustamiseks.<\/p>\n<\/div><div class=\"fusion-clearfix\"><\/div><\/div><\/div><\/div><\/div>\n","protected":false},"excerpt":{"rendered":"","protected":false},"author":6,"featured_media":0,"parent":0,"menu_order":0,"comment_status":"closed","ping_status":"closed","template":"","meta":{"footnotes":""},"class_list":["post-20656","page","type-page","status-publish","hentry"],"_links":{"self":[{"href":"https:\/\/volantra.ee\/en\/wp-json\/wp\/v2\/pages\/20656","targetHints":{"allow":["GET"]}}],"collection":[{"href":"https:\/\/volantra.ee\/en\/wp-json\/wp\/v2\/pages"}],"about":[{"href":"https:\/\/volantra.ee\/en\/wp-json\/wp\/v2\/types\/page"}],"author":[{"embeddable":true,"href":"https:\/\/volantra.ee\/en\/wp-json\/wp\/v2\/users\/6"}],"replies":[{"embeddable":true,"href":"https:\/\/volantra.ee\/en\/wp-json\/wp\/v2\/comments?post=20656"}],"version-history":[{"count":3,"href":"https:\/\/volantra.ee\/en\/wp-json\/wp\/v2\/pages\/20656\/revisions"}],"predecessor-version":[{"id":20666,"href":"https:\/\/volantra.ee\/en\/wp-json\/wp\/v2\/pages\/20656\/revisions\/20666"}],"wp:attachment":[{"href":"https:\/\/volantra.ee\/en\/wp-json\/wp\/v2\/media?parent=20656"}],"curies":[{"name":"wp","href":"https:\/\/api.w.org\/{rel}","templated":true}]}}